{"id":304,"date":"2022-09-02T05:52:42","date_gmt":"2022-09-02T05:52:42","guid":{"rendered":"https:\/\/foehnfisch.de\/?page_id=304"},"modified":"2026-03-27T18:13:48","modified_gmt":"2026-03-27T18:13:48","slug":"dirk-hibben","status":"publish","type":"page","link":"https:\/\/foehnfisch.de\/?page_id=304","title":{"rendered":"JOHANNES DANIEL"},"content":{"rendered":"\n<div class=\"wp-block-columns is-layout-flex wp-container-core-columns-is-layout-9d6595d7 wp-block-columns-is-layout-flex\">\n<div class=\"wp-block-column is-layout-flow wp-block-column-is-layout-flow\"><div class=\"wp-block-image\">\n<figure class=\"aligncenter size-full\"><img loading=\"lazy\" decoding=\"async\" width=\"450\" height=\"600\" src=\"https:\/\/foehnfisch.de\/wp-content\/uploads\/2026\/03\/Jo01.png\" alt=\"\" class=\"wp-image-969\" srcset=\"https:\/\/foehnfisch.de\/wp-content\/uploads\/2026\/03\/Jo01.png 450w, https:\/\/foehnfisch.de\/wp-content\/uploads\/2026\/03\/Jo01-225x300.png 225w\" sizes=\"auto, (max-width: 450px) 100vw, 450px\" \/><figcaption class=\"wp-element-caption\"><strong>SCHLAGZEUGER<\/strong><br>Mit seinen 29 Lentzen der j\u00fcngste in der Band. Aber nicht t\u00e4uschen lassen, er ist alles andere als ein blutiger Anf\u00e4nger. Sein einf\u00fchlsames und fast perfektes Spiel gibt allen F\u00f6hnfisch Songs das gewisse Etwas&#8230;;-)<br><\/figcaption><\/figure>\n<\/div><\/div>\n<\/div>\n","protected":false},"excerpt":{"rendered":"","protected":false},"author":2,"featured_media":0,"parent":240,"menu_order":0,"comment_status":"closed","ping_status":"closed","template":"","meta":{"two_page_speed":[],"footnotes":""},"class_list":["post-304","page","type-page","status-publish","hentry"],"_links":{"self":[{"href":"https:\/\/foehnfisch.de\/index.php?rest_route=\/wp\/v2\/pages\/304","targetHints":{"allow":["GET"]}}],"collection":[{"href":"https:\/\/foehnfisch.de\/index.php?rest_route=\/wp\/v2\/pages"}],"about":[{"href":"https:\/\/foehnfisch.de\/index.php?rest_route=\/wp\/v2\/types\/page"}],"author":[{"embeddable":true,"href":"https:\/\/foehnfisch.de\/index.php?rest_route=\/wp\/v2\/users\/2"}],"replies":[{"embeddable":true,"href":"https:\/\/foehnfisch.de\/index.php?rest_route=%2Fwp%2Fv2%2Fcomments&post=304"}],"version-history":[{"count":10,"href":"https:\/\/foehnfisch.de\/index.php?rest_route=\/wp\/v2\/pages\/304\/revisions"}],"predecessor-version":[{"id":972,"href":"https:\/\/foehnfisch.de\/index.php?rest_route=\/wp\/v2\/pages\/304\/revisions\/972"}],"up":[{"embeddable":true,"href":"https:\/\/foehnfisch.de\/index.php?rest_route=\/wp\/v2\/pages\/240"}],"wp:attachment":[{"href":"https:\/\/foehnfisch.de\/index.php?rest_route=%2Fwp%2Fv2%2Fmedia&parent=304"}],"curies":[{"name":"wp","href":"https:\/\/api.w.org\/{rel}","templated":true}]}}