{"id":302,"date":"2022-09-02T05:52:22","date_gmt":"2022-09-02T05:52:22","guid":{"rendered":"https:\/\/foehnfisch.de\/?page_id=302"},"modified":"2022-12-10T12:31:01","modified_gmt":"2022-12-10T12:31:01","slug":"philipp-steidl","status":"publish","type":"page","link":"https:\/\/foehnfisch.de\/?page_id=302","title":{"rendered":"PHILIPP STEIDL"},"content":{"rendered":"\n<div class=\"wp-block-columns is-layout-flex wp-container-core-columns-is-layout-9d6595d7 wp-block-columns-is-layout-flex\">\n<div class=\"wp-block-column is-layout-flow wp-block-column-is-layout-flow\"><div class=\"wp-block-image\">\n<figure class=\"aligncenter size-full\"><img loading=\"lazy\" decoding=\"async\" width=\"450\" height=\"600\" src=\"https:\/\/foehnfisch.de\/wp-content\/uploads\/2022\/09\/aut10.png\" alt=\"\" class=\"wp-image-470\" srcset=\"https:\/\/foehnfisch.de\/wp-content\/uploads\/2022\/09\/aut10.png 450w, https:\/\/foehnfisch.de\/wp-content\/uploads\/2022\/09\/aut10-225x300.png 225w\" sizes=\"auto, (max-width: 450px) 100vw, 450px\" \/><figcaption><strong>GITARRIST\/BACKGROUNDGESANG<\/strong><br><br>Musikalischer Beginn als Bassist 1975 in der Eichst\u00e4tter Band &#8222;face control&#8220;. Danach bei verschiedenen Bands u.a. &#8222;touch down&#8220; &#8211; &#8222;Ph\u00f6nix&#8220; &#8211; &#8222;time Warp&#8220;. Da in der damaligen Band kein ad\u00e4quater Gitarrist vorhanden war, bin ich 1995 von Bass auf Gitarre umgestiegen und dabei geblieben. <\/figcaption><\/figure>\n<\/div><\/div>\n<\/div>\n","protected":false},"excerpt":{"rendered":"","protected":false},"author":2,"featured_media":0,"parent":240,"menu_order":0,"comment_status":"closed","ping_status":"closed","template":"","meta":{"two_page_speed":[],"footnotes":""},"class_list":["post-302","page","type-page","status-publish","hentry"],"_links":{"self":[{"href":"https:\/\/foehnfisch.de\/index.php?rest_route=\/wp\/v2\/pages\/302","targetHints":{"allow":["GET"]}}],"collection":[{"href":"https:\/\/foehnfisch.de\/index.php?rest_route=\/wp\/v2\/pages"}],"about":[{"href":"https:\/\/foehnfisch.de\/index.php?rest_route=\/wp\/v2\/types\/page"}],"author":[{"embeddable":true,"href":"https:\/\/foehnfisch.de\/index.php?rest_route=\/wp\/v2\/users\/2"}],"replies":[{"embeddable":true,"href":"https:\/\/foehnfisch.de\/index.php?rest_route=%2Fwp%2Fv2%2Fcomments&post=302"}],"version-history":[{"count":8,"href":"https:\/\/foehnfisch.de\/index.php?rest_route=\/wp\/v2\/pages\/302\/revisions"}],"predecessor-version":[{"id":732,"href":"https:\/\/foehnfisch.de\/index.php?rest_route=\/wp\/v2\/pages\/302\/revisions\/732"}],"up":[{"embeddable":true,"href":"https:\/\/foehnfisch.de\/index.php?rest_route=\/wp\/v2\/pages\/240"}],"wp:attachment":[{"href":"https:\/\/foehnfisch.de\/index.php?rest_route=%2Fwp%2Fv2%2Fmedia&parent=302"}],"curies":[{"name":"wp","href":"https:\/\/api.w.org\/{rel}","templated":true}]}}