{"id":300,"date":"2022-09-02T05:46:11","date_gmt":"2022-09-02T05:46:11","guid":{"rendered":"https:\/\/foehnfisch.de\/?page_id=300"},"modified":"2026-03-27T18:14:22","modified_gmt":"2026-03-27T18:14:22","slug":"dieter-unger","status":"publish","type":"page","link":"https:\/\/foehnfisch.de\/?page_id=300","title":{"rendered":"DIETER UNGER"},"content":{"rendered":"\n<div class=\"wp-block-columns is-layout-flex wp-container-core-columns-is-layout-9d6595d7 wp-block-columns-is-layout-flex\">\n<div class=\"wp-block-column is-layout-flow wp-block-column-is-layout-flow\"><div class=\"wp-block-image\">\n<figure class=\"aligncenter size-full\"><img loading=\"lazy\" decoding=\"async\" width=\"450\" height=\"600\" src=\"https:\/\/foehnfisch.de\/wp-content\/uploads\/2026\/03\/Dee01.png\" alt=\"\" class=\"wp-image-968\" srcset=\"https:\/\/foehnfisch.de\/wp-content\/uploads\/2026\/03\/Dee01.png 450w, https:\/\/foehnfisch.de\/wp-content\/uploads\/2026\/03\/Dee01-225x300.png 225w\" sizes=\"auto, (max-width: 450px) 100vw, 450px\" \/><figcaption class=\"wp-element-caption\"><strong>BASSIST\/BACKGROUNDGESANG<\/strong><br><br>Ich habe mit 38 Jahren meinen Weg zur Musik gefunden. Angefangen habe ich als Keyboarder. Meine erste Band war im Bereich Deutschrock dort habe ich das Keyboardspielen gelernt, dann Backgroundgesang, habe dann einige Songs geschrieben und bin dann auf Gitarre umgestiegen. Habe seit mehr als 20 Jahren in der Deutschrockband &#8222;EXiL&#8220; gespielt. Nachdem der S\u00e4nger vor drei Jahren gestorben ist, ist die Band nicht mehr aktiv. Zwischendrin wollte ich verschiedene Genres ausprobieren, also bin ich bei der Progressive Rock Band &#8222;Sei Still&#8220; als Gitarrist eingestiegen. Dort habe ich zwei Jahre gespielt und mir coole Techniken zum Rythmusspielen auf der Gitarre angeeignet. Gleichzeitig habe ich das Songwriting f\u00fcr mich entdeckt und habe die Band &#8222;Jump&amp;Die&#8220; gegr\u00fcndet, erst als Keyboarder, dann als Gitarrist und S\u00e4nger.  Mit dieser Band hatten wir ein paar Auftritte, nachdem Bandmitglieder weggezogen sind, habe ich die Band aufgel\u00f6st. Nach dem Umzug nach Ingolstadt habe ich bei der Rockband &#8222;Scandal Rock Band&#8220; anf\u00e4nglich als Gitarrist gespielt, nachdem der Bassist aufgeh\u00f6rt hatte und ein paar Gigs im Raum standen bin ich auf Bass umgestiegen. Nachdem ich hier verschiedene Musiker kennengelernt habe, bin ich auf Umwegen bei &#8222;Late Fate&#8220; als Rythmusgitarrist gelandet. Die Band hat sich dann aufgel\u00f6st und der Rest hat die Cover Band &#8222;Scandalight&#8220; gegr\u00fcndet&#8220; bei der ich bis Juli 2022 gespielt habe. Ich habe zahlreiche Auftritte und mehrere Ver\u00f6ffentlichungen zu verzeichnen. 2008 habe ich mit der Deutschrockband &#8222;EXiL&#8220; den Deutschen Rock&amp;Poppreis f\u00fcr die Beste Studioaufnahme &#8222;Trag Mich&#8220; gewonnen.<\/figcaption><\/figure>\n<\/div><\/div>\n<\/div>\n","protected":false},"excerpt":{"rendered":"","protected":false},"author":2,"featured_media":0,"parent":240,"menu_order":0,"comment_status":"closed","ping_status":"closed","template":"","meta":{"two_page_speed":[],"footnotes":""},"class_list":["post-300","page","type-page","status-publish","hentry"],"_links":{"self":[{"href":"https:\/\/foehnfisch.de\/index.php?rest_route=\/wp\/v2\/pages\/300","targetHints":{"allow":["GET"]}}],"collection":[{"href":"https:\/\/foehnfisch.de\/index.php?rest_route=\/wp\/v2\/pages"}],"about":[{"href":"https:\/\/foehnfisch.de\/index.php?rest_route=\/wp\/v2\/types\/page"}],"author":[{"embeddable":true,"href":"https:\/\/foehnfisch.de\/index.php?rest_route=\/wp\/v2\/users\/2"}],"replies":[{"embeddable":true,"href":"https:\/\/foehnfisch.de\/index.php?rest_route=%2Fwp%2Fv2%2Fcomments&post=300"}],"version-history":[{"count":12,"href":"https:\/\/foehnfisch.de\/index.php?rest_route=\/wp\/v2\/pages\/300\/revisions"}],"predecessor-version":[{"id":973,"href":"https:\/\/foehnfisch.de\/index.php?rest_route=\/wp\/v2\/pages\/300\/revisions\/973"}],"up":[{"embeddable":true,"href":"https:\/\/foehnfisch.de\/index.php?rest_route=\/wp\/v2\/pages\/240"}],"wp:attachment":[{"href":"https:\/\/foehnfisch.de\/index.php?rest_route=%2Fwp%2Fv2%2Fmedia&parent=300"}],"curies":[{"name":"wp","href":"https:\/\/api.w.org\/{rel}","templated":true}]}}