{"id":298,"date":"2022-09-02T05:45:37","date_gmt":"2022-09-02T05:45:37","guid":{"rendered":"https:\/\/foehnfisch.de\/?page_id=298"},"modified":"2022-10-09T10:22:14","modified_gmt":"2022-10-09T10:22:14","slug":"ralf-klampferer","status":"publish","type":"page","link":"https:\/\/foehnfisch.de\/?page_id=298","title":{"rendered":"RALF KLAMPFERER"},"content":{"rendered":"\n<div class=\"wp-block-columns is-layout-flex wp-container-core-columns-is-layout-9d6595d7 wp-block-columns-is-layout-flex\">\n<div class=\"wp-block-column is-layout-flow wp-block-column-is-layout-flow\"><div class=\"wp-block-image\">\n<figure class=\"aligncenter size-full\"><img loading=\"lazy\" decoding=\"async\" width=\"450\" height=\"600\" src=\"https:\/\/foehnfisch.de\/wp-content\/uploads\/2022\/09\/band04.png\" alt=\"\" class=\"wp-image-472\" srcset=\"https:\/\/foehnfisch.de\/wp-content\/uploads\/2022\/09\/band04.png 450w, https:\/\/foehnfisch.de\/wp-content\/uploads\/2022\/09\/band04-225x300.png 225w\" sizes=\"auto, (max-width: 450px) 100vw, 450px\" \/><figcaption><strong>Gesang\/Songwriting<\/strong><br><br>Musikalischer Start als Stra\u00dfenmusiker Europaweit. Nach der Gr\u00fcndung einer Familie war ich Gitarrist und S\u00e4nger bei der Band &#8222;STEREOSONIX&#8220; aus Ingolstadt. Da ich schon immer Songs geschrieben habe, meistens in Englisch, bin ich doch zu meinen \u00d6sterreichischen Wurzeln zur\u00fcckgekehrt und schreibe jetzt Songs \u00fcber erlebtes, Gef\u00fchle, auch fiktive, historische und Romanvorlagen. Die Songs sind voll purer Energie, mal rockig, mal punkig oder voller Balladen. Dabei ist mir wichtig, dass die Songs nicht langweilig klingen, sondern sie sollen sehr Abwechslungsreich und Intelligent daher kommen. Ich habe lange nach Musikern gesucht, die mit mir diesen Weg gehen und meine Songs spielen, diese habe ich jetzt gefunden.<br>&#8222;Das ist der Weg&#8220; (Filmzitat aus Mandalorien) <\/figcaption><\/figure>\n<\/div><\/div>\n<\/div>\n","protected":false},"excerpt":{"rendered":"","protected":false},"author":2,"featured_media":0,"parent":240,"menu_order":0,"comment_status":"closed","ping_status":"closed","template":"","meta":{"two_page_speed":[],"footnotes":""},"class_list":["post-298","page","type-page","status-publish","hentry"],"_links":{"self":[{"href":"https:\/\/foehnfisch.de\/index.php?rest_route=\/wp\/v2\/pages\/298","targetHints":{"allow":["GET"]}}],"collection":[{"href":"https:\/\/foehnfisch.de\/index.php?rest_route=\/wp\/v2\/pages"}],"about":[{"href":"https:\/\/foehnfisch.de\/index.php?rest_route=\/wp\/v2\/types\/page"}],"author":[{"embeddable":true,"href":"https:\/\/foehnfisch.de\/index.php?rest_route=\/wp\/v2\/users\/2"}],"replies":[{"embeddable":true,"href":"https:\/\/foehnfisch.de\/index.php?rest_route=%2Fwp%2Fv2%2Fcomments&post=298"}],"version-history":[{"count":7,"href":"https:\/\/foehnfisch.de\/index.php?rest_route=\/wp\/v2\/pages\/298\/revisions"}],"predecessor-version":[{"id":646,"href":"https:\/\/foehnfisch.de\/index.php?rest_route=\/wp\/v2\/pages\/298\/revisions\/646"}],"up":[{"embeddable":true,"href":"https:\/\/foehnfisch.de\/index.php?rest_route=\/wp\/v2\/pages\/240"}],"wp:attachment":[{"href":"https:\/\/foehnfisch.de\/index.php?rest_route=%2Fwp%2Fv2%2Fmedia&parent=298"}],"curies":[{"name":"wp","href":"https:\/\/api.w.org\/{rel}","templated":true}]}}