{"id":248,"date":"2022-08-31T18:33:59","date_gmt":"2022-08-31T18:33:59","guid":{"rendered":"https:\/\/foehnfisch.de\/?page_id=248"},"modified":"2025-06-16T12:04:28","modified_gmt":"2025-06-16T12:04:28","slug":"medien","status":"publish","type":"page","link":"https:\/\/foehnfisch.de\/?page_id=248","title":{"rendered":"MERGE"},"content":{"rendered":"\n<div class=\"wp-block-columns is-layout-flex wp-container-core-columns-is-layout-9d6595d7 wp-block-columns-is-layout-flex\">\n<div class=\"wp-block-column is-layout-flow wp-block-column-is-layout-flow\">\n<div class=\"wp-block-columns is-layout-flex wp-container-core-columns-is-layout-9d6595d7 wp-block-columns-is-layout-flex\">\n<div class=\"wp-block-column is-layout-flow wp-block-column-is-layout-flow\">\n<figure class=\"wp-block-image size-large\"><img loading=\"lazy\" decoding=\"async\" width=\"1024\" height=\"683\" src=\"https:\/\/foehnfisch.de\/wp-content\/uploads\/2022\/09\/IMG_5122-1024x683.jpg\" alt=\"\" class=\"wp-image-520\" srcset=\"https:\/\/foehnfisch.de\/wp-content\/uploads\/2022\/09\/IMG_5122-1024x683.jpg 1024w, https:\/\/foehnfisch.de\/wp-content\/uploads\/2022\/09\/IMG_5122-300x200.jpg 300w, https:\/\/foehnfisch.de\/wp-content\/uploads\/2022\/09\/IMG_5122-768x512.jpg 768w, https:\/\/foehnfisch.de\/wp-content\/uploads\/2022\/09\/IMG_5122-1536x1024.jpg 1536w, https:\/\/foehnfisch.de\/wp-content\/uploads\/2022\/09\/IMG_5122-420x280.jpg 420w, https:\/\/foehnfisch.de\/wp-content\/uploads\/2022\/09\/IMG_5122-385x257.jpg 385w, https:\/\/foehnfisch.de\/wp-content\/uploads\/2022\/09\/IMG_5122.jpg 1920w\" sizes=\"auto, (max-width: 1024px) 100vw, 1024px\" \/><\/figure>\n\n\n\n<figure class=\"wp-block-image size-large\"><img loading=\"lazy\" decoding=\"async\" width=\"683\" height=\"1024\" src=\"https:\/\/foehnfisch.de\/wp-content\/uploads\/2022\/09\/IMG_5136-683x1024.jpg\" alt=\"\" class=\"wp-image-534\" srcset=\"https:\/\/foehnfisch.de\/wp-content\/uploads\/2022\/09\/IMG_5136-683x1024.jpg 683w, https:\/\/foehnfisch.de\/wp-content\/uploads\/2022\/09\/IMG_5136-200x300.jpg 200w, https:\/\/foehnfisch.de\/wp-content\/uploads\/2022\/09\/IMG_5136-768x1152.jpg 768w, https:\/\/foehnfisch.de\/wp-content\/uploads\/2022\/09\/IMG_5136-1024x1536.jpg 1024w, https:\/\/foehnfisch.de\/wp-content\/uploads\/2022\/09\/IMG_5136-rotated.jpg 1280w\" sizes=\"auto, (max-width: 683px) 100vw, 683px\" \/><\/figure>\n<\/div>\n\n\n\n<div class=\"wp-block-column is-layout-flow wp-block-column-is-layout-flow\">\n<figure class=\"wp-block-image size-large\"><img loading=\"lazy\" decoding=\"async\" width=\"768\" height=\"1024\" src=\"https:\/\/foehnfisch.de\/wp-content\/uploads\/2025\/06\/20250523_140911-768x1024.jpg\" alt=\"\" class=\"wp-image-929\" srcset=\"https:\/\/foehnfisch.de\/wp-content\/uploads\/2025\/06\/20250523_140911-768x1024.jpg 768w, https:\/\/foehnfisch.de\/wp-content\/uploads\/2025\/06\/20250523_140911-225x300.jpg 225w, https:\/\/foehnfisch.de\/wp-content\/uploads\/2025\/06\/20250523_140911-1152x1536.jpg 1152w, https:\/\/foehnfisch.de\/wp-content\/uploads\/2025\/06\/20250523_140911-1536x2048.jpg 1536w, https:\/\/foehnfisch.de\/wp-content\/uploads\/2025\/06\/20250523_140911-450x600.jpg 450w, https:\/\/foehnfisch.de\/wp-content\/uploads\/2025\/06\/20250523_140911-scaled.jpg 1920w\" sizes=\"auto, (max-width: 768px) 100vw, 768px\" \/><\/figure>\n\n\n<div class=\"wp-block-image\">\n<figure class=\"aligncenter size-full is-resized\"><img loading=\"lazy\" decoding=\"async\" width=\"1162\" height=\"1162\" src=\"https:\/\/foehnfisch.de\/wp-content\/uploads\/2025\/06\/foehnfischlogofertig.png\" alt=\"\" class=\"wp-image-933\" style=\"width:378px;height:auto\" srcset=\"https:\/\/foehnfisch.de\/wp-content\/uploads\/2025\/06\/foehnfischlogofertig.png 1162w, https:\/\/foehnfisch.de\/wp-content\/uploads\/2025\/06\/foehnfischlogofertig-300x300.png 300w, https:\/\/foehnfisch.de\/wp-content\/uploads\/2025\/06\/foehnfischlogofertig-1024x1024.png 1024w, https:\/\/foehnfisch.de\/wp-content\/uploads\/2025\/06\/foehnfischlogofertig-150x150.png 150w, https:\/\/foehnfisch.de\/wp-content\/uploads\/2025\/06\/foehnfischlogofertig-768x768.png 768w, https:\/\/foehnfisch.de\/wp-content\/uploads\/2025\/06\/foehnfischlogofertig-600x600.png 600w\" sizes=\"auto, (max-width: 1162px) 100vw, 1162px\" \/><figcaption class=\"wp-element-caption\">F\u00f6hnfisch Logo<\/figcaption><\/figure>\n<\/div><\/div>\n<\/div>\n<\/div>\n<\/div>\n\n\n\n<blockquote class=\"wp-block-quote is-layout-flow wp-block-quote-is-layout-flow\">\n<p class=\"has-text-align-left\">F\u00d6HNFISCH T-Shirts mit dem aktuellen Logo (100% Baumwolle)<\/p>\n\n\n\n<p class=\"has-text-align-left\">Bestellungen unter info@foehnfisch.de<\/p>\n\n\n\n<p>Erh\u00e4ltlich in den Gr\u00f6\u00dfen: S &#8211; M &#8211; L &#8211; XL &#8211; XXL<\/p>\n\n\n\n<p>Preise: T-Shirt 25\u20ac (Mergestand)<\/p>\n\n\n\n<p>Versenden: 25\u20ac + 4.99\u20ac Fracht (innerhalb Deutschland)<\/p>\n<\/blockquote>\n\n\n\n<p><\/p>\n","protected":false},"excerpt":{"rendered":"<p>F\u00d6HNFISCH T-Shirts mit dem aktuellen Logo (100% Baumwolle) Bestellungen unter info@foehnfisch.de Erh\u00e4ltlich in den Gr\u00f6\u00dfen: S &#8211; M &#8211; L &#8211; XL &#8211; XXL Preise: T-Shirt 25\u20ac (Mergestand) Versenden: 25\u20ac + 4.99\u20ac Fracht (innerhalb Deutschland)<\/p>\n","protected":false},"author":2,"featured_media":0,"parent":0,"menu_order":0,"comment_status":"closed","ping_status":"closed","template":"","meta":{"two_page_speed":[],"footnotes":""},"class_list":["post-248","page","type-page","status-publish","hentry"],"_links":{"self":[{"href":"https:\/\/foehnfisch.de\/index.php?rest_route=\/wp\/v2\/pages\/248","targetHints":{"allow":["GET"]}}],"collection":[{"href":"https:\/\/foehnfisch.de\/index.php?rest_route=\/wp\/v2\/pages"}],"about":[{"href":"https:\/\/foehnfisch.de\/index.php?rest_route=\/wp\/v2\/types\/page"}],"author":[{"embeddable":true,"href":"https:\/\/foehnfisch.de\/index.php?rest_route=\/wp\/v2\/users\/2"}],"replies":[{"embeddable":true,"href":"https:\/\/foehnfisch.de\/index.php?rest_route=%2Fwp%2Fv2%2Fcomments&post=248"}],"version-history":[{"count":20,"href":"https:\/\/foehnfisch.de\/index.php?rest_route=\/wp\/v2\/pages\/248\/revisions"}],"predecessor-version":[{"id":946,"href":"https:\/\/foehnfisch.de\/index.php?rest_route=\/wp\/v2\/pages\/248\/revisions\/946"}],"wp:attachment":[{"href":"https:\/\/foehnfisch.de\/index.php?rest_route=%2Fwp%2Fv2%2Fmedia&parent=248"}],"curies":[{"name":"wp","href":"https:\/\/api.w.org\/{rel}","templated":true}]}}