{"id":242,"date":"2022-08-31T18:32:55","date_gmt":"2022-08-31T18:32:55","guid":{"rendered":"https:\/\/foehnfisch.de\/?page_id=242"},"modified":"2022-10-06T21:17:38","modified_gmt":"2022-10-06T21:17:38","slug":"biographie","status":"publish","type":"page","link":"https:\/\/foehnfisch.de\/?page_id=242","title":{"rendered":"BIOGRAPHIE"},"content":{"rendered":"\n<div class=\"wp-block-columns is-layout-flex wp-container-core-columns-is-layout-9d6595d7 wp-block-columns-is-layout-flex\">\n<div class=\"wp-block-column is-layout-flow wp-block-column-is-layout-flow\"><div class=\"wp-block-image\">\n<figure class=\"aligncenter size-large\"><img loading=\"lazy\" decoding=\"async\" width=\"761\" height=\"1024\" src=\"https:\/\/foehnfisch.de\/wp-content\/uploads\/2022\/09\/ss06-761x1024.jpg\" alt=\"\" class=\"wp-image-485\" srcset=\"https:\/\/foehnfisch.de\/wp-content\/uploads\/2022\/09\/ss06-761x1024.jpg 761w, https:\/\/foehnfisch.de\/wp-content\/uploads\/2022\/09\/ss06-223x300.jpg 223w, https:\/\/foehnfisch.de\/wp-content\/uploads\/2022\/09\/ss06-768x1034.jpg 768w, https:\/\/foehnfisch.de\/wp-content\/uploads\/2022\/09\/ss06.jpg 1016w\" sizes=\"auto, (max-width: 761px) 100vw, 761px\" \/><figcaption>Die Band &#8222;F\u00d6HNFISCH&#8220; wurde kurz vor Corona  von <a href=\"https:\/\/foehnfisch.de\/?page_id=298\" data-type=\"URL\" data-id=\"https:\/\/foehnfisch.de\/?page_id=298\">Ralf<\/a> und <a href=\"https:\/\/foehnfisch.de\/?page_id=300\" data-type=\"URL\" data-id=\"https:\/\/foehnfisch.de\/?page_id=300\">Dieter<\/a> gegr\u00fcndet. Kennengelernt haben sich die beiden \u00fcber eine &#8222;Musiker sucht&#8220; Seite. Anf\u00e4nglich waren sie nicht so auf einer Welle und es hat lange gedauert, bis sie wieder zusammen gekommen sind. Nachdem sie ein paar mal miteinander gespielt haben, entwickelte sich eine eine Art musikalischer Freundschaft. Die Erfahrung der beiden Musiker erg\u00e4nzte sich in den Songs vom Ralf. Es waren viele Ideen im Raum, sie wurden ausprobiert und umgesetzt. Die Songs waren anf\u00e4nglich alle in Englisch, waren einfach und von den Melodien her sehr melodisch und harmonisch. Es wurden dann Musiker gesucht, was sich anf\u00e4nglich als sehr schwierig heraus stellte. Verbunden war dies mit sehr vielen Wechseln von Schlagzeugern und Leadgitarristen. Der Dirk war als Schlagzeuger mit dabei, aber die Songs haben ihm nicht getaugt, deshalb ist er wieder gegangen, was wir sehr bedauerten. Zuf\u00e4llig hat ein Leadgitarrist &#8222;<a href=\"https:\/\/foehnfisch.de\/?page_id=302\" data-type=\"URL\" data-id=\"https:\/\/foehnfisch.de\/?page_id=302\">Phil<\/a>&#8220; bei uns vorgespielt und er fand die Songs Klasse. Also haben wir die Songs weiter gespielt. Wir hatten dann Zeitweise vier Gitarristen, weil die unbedingt bei uns spielen wollten und auch einen jungen Schlagzeuger, dieser hat uns umgehauen, weil der f\u00fcr sein Alter wirklich genial war. Wir waren also auf dem besten Weg unsere Songs \u00f6ffentlich zu spielen. Aber irgendwas fehlte oder hat nicht mehr gepasst. Zwei der Gitarristen waren nicht sehr zuverl\u00e4ssig, was proben und Melodiespiel anbelangte, also haben wir uns wieder, sagen wir mal schmerzlich, weil die waren wirklich klasse, von ihnen getrennt und so waren wir wieder in der Ursprungs Formation. Irgendwann hat mir der Ralf einen alten Song von sich in \u00f6sterreichischem Slang vorgespielt &#8222;Dahoam&#8220;&#8230;ich war sofort geflasht und hatte ihm attestiert, dass er da einen Hit in H\u00e4nden h\u00e4lt. Ich habe ihn gefragt, warum er nicht mehr von diesen Songs spielt. Er sagte, er hat noch keine Band gefunden, die seine Songs spielen w\u00fcrde. Er hat mir dann noch &#8222;Rita&#8220; vorgespielt, da war es vorbei mit den englischen Songs&#8230;ich sagte nur &#8222;Voll Geil&#8220;&#8230;\u00f6sterreichischer Punk&#8230;Hammer. Er hat dann alle Songs in \u00f6sterreicherisch umgeschrieben. Und die spielen wir jetzt. W\u00e4hrend der Corona Zeit konnten wir ja nicht komplett proben, also haben wir immer nur abwechselnd zu zweit geprobt&#8230;Gitarrist &#8211; Schlagzeuger&#8230;Bassist &#8211; Gitarrist&#8230;Bassist &#8211; Schlagzeuger &#8211; Gitarrist &#8211; Bassist &#8211; Schlagzeuger, eigentlich voll bescheuert. War eine wirklich harte Zeit, aber es hat alles ganz gut funktioniert, hat zwar keine komplette Band ersetzt, aber wir waren im Training. Der Ralf war sehr kreativ und die Songs wurden immer mehr und komplexer, also mussten wir uns was einfallen lassen. Nachdem Bands wieder proben konnten, gingen wir in die vollen. Ein Produzent aus Neuburg, Julian (hat den Kulturpreis der Stadt Neuburg als Auszeichnung bekommen), hat uns entdeckt und wollte unbedingt eine Nummer von uns aufnehmen, da haben wir nat\u00fcrlich zugestimmt. Das Studio war in M\u00fcnchen und es durften zu dem Zeitpunkt nur geimpfte in das Studio. Unser junger meines Erachtens wirklich phenomenaler Schlagzeuger wollte sich nicht impfen lassen, weil er das als sinnlos empfand, da waren wir etwas ratlos. Wir wollten diese Aufnahme unbedingt machen, also haben wir <a href=\"https:\/\/foehnfisch.de\/?page_id=304\" data-type=\"URL\" data-id=\"https:\/\/foehnfisch.de\/?page_id=304\">Dirk<\/a> angerufen und ihn wieder rekrutiert. Er hat zugesagt und es war ein wirklich geiler und effektiver Tag in dem Studio. Und nicht nur das, nach ein paar Proben hat er gesagt, dass ihm die Songs super gut gefallen und er wieder dabei ist. Fantastisch, so haben wir uns wieder gefunden und Leben und spielen die Musik von &#8222;F\u00d6HNFISCH&#8220;, nach dem Leitspruch&#8230;<\/figcaption><\/figure>\n<\/div>\n\n\n<p class=\"has-text-align-center\"><strong>&#8222;DAS IST DER WEG&#8220; (Filmzitat von &#8222;Der Mandalorian&#8220;)<\/strong><\/p>\n\n\n\n<p class=\"has-text-align-center\"><\/p>\n<\/div>\n<\/div>\n","protected":false},"excerpt":{"rendered":"<p>&#8222;DAS IST DER WEG&#8220; (Filmzitat von &#8222;Der Mandalorian&#8220;)<\/p>\n","protected":false},"author":2,"featured_media":0,"parent":0,"menu_order":0,"comment_status":"closed","ping_status":"closed","template":"","meta":{"two_page_speed":[],"footnotes":""},"class_list":["post-242","page","type-page","status-publish","hentry"],"_links":{"self":[{"href":"https:\/\/foehnfisch.de\/index.php?rest_route=\/wp\/v2\/pages\/242","targetHints":{"allow":["GET"]}}],"collection":[{"href":"https:\/\/foehnfisch.de\/index.php?rest_route=\/wp\/v2\/pages"}],"about":[{"href":"https:\/\/foehnfisch.de\/index.php?rest_route=\/wp\/v2\/types\/page"}],"author":[{"embeddable":true,"href":"https:\/\/foehnfisch.de\/index.php?rest_route=\/wp\/v2\/users\/2"}],"replies":[{"embeddable":true,"href":"https:\/\/foehnfisch.de\/index.php?rest_route=%2Fwp%2Fv2%2Fcomments&post=242"}],"version-history":[{"count":18,"href":"https:\/\/foehnfisch.de\/index.php?rest_route=\/wp\/v2\/pages\/242\/revisions"}],"predecessor-version":[{"id":620,"href":"https:\/\/foehnfisch.de\/index.php?rest_route=\/wp\/v2\/pages\/242\/revisions\/620"}],"wp:attachment":[{"href":"https:\/\/foehnfisch.de\/index.php?rest_route=%2Fwp%2Fv2%2Fmedia&parent=242"}],"curies":[{"name":"wp","href":"https:\/\/api.w.org\/{rel}","templated":true}]}}